{"id":465,"date":"2025-02-25T15:23:03","date_gmt":"2025-02-25T19:23:03","guid":{"rendered":"https:\/\/voleimt.com.br\/sistema\/?post_type=product&#038;p=465"},"modified":"2025-04-02T08:40:48","modified_gmt":"2025-04-02T12:40:48","slug":"torneio-inicio-cuiaba-mt-14-03-25-a-16-03-25-feminino-sub17","status":"publish","type":"product","link":"https:\/\/voleimt.com.br\/sistema\/produto\/torneio-inicio-cuiaba-mt-14-03-25-a-16-03-25-feminino-sub17\/","title":{"rendered":"CMTVP &#8211; Cuiab\u00e1 &#8211; 28\/03 a 30\/03 SUB15 &#8211; FEMININO &#8211; Nascidos apartir de 2011"},"content":{"rendered":"<p>Per\u00edodo de inscri\u00e7\u00f5es de 13\/03 a 24\/03.<\/p>\n<div>Congresso t\u00e9cnico 25\/03<\/div>\n<div><\/div>\n<div><b>R$: 110,00 POR DUPLA<\/b><\/div>\n<div>Informa\u00e7\u00f5es:\u00a0registros@voleimatogrosso.com.br<br \/>\nJAIRO SCHANTZ. (65 98468-0908)<\/div>\n<div><b>LOCAL DA COMPETI\u00c7\u00c3O: CUIABA<\/b><\/div>\n","protected":false},"excerpt":{"rendered":"<p>Per\u00edodo de inscri\u00e7\u00f5es de 13\/03 a 24\/03. Congresso t\u00e9cnico 25\/03 R$: 110,00 POR DUPLA Informa\u00e7\u00f5es:\u00a0registros@voleimatogrosso.com.br JAIRO SCHANTZ. (65 98468-0908) LOCAL<\/p>\n","protected":false},"author":1,"featured_media":334,"comment_status":"open","ping_status":"closed","template":"","meta":[],"product_brand":[],"product_cat":[16,29],"product_tag":[],"class_list":{"0":"post-465","1":"product","2":"type-product","3":"status-publish","4":"has-post-thumbnail","6":"product_cat-circuito-mato-grosso-volei-de-praia-etapa-cuiaba","7":"product_cat-volei-de-praia","9":"first","10":"instock","11":"shipping-taxable","12":"purchasable","13":"product-type-simple"},"jetpack_sharing_enabled":true,"_links":{"self":[{"href":"https:\/\/voleimt.com.br\/sistema\/wp-json\/wp\/v2\/product\/465","targetHints":{"allow":["GET"]}}],"collection":[{"href":"https:\/\/voleimt.com.br\/sistema\/wp-json\/wp\/v2\/product"}],"about":[{"href":"https:\/\/voleimt.com.br\/sistema\/wp-json\/wp\/v2\/types\/product"}],"author":[{"embeddable":true,"href":"https:\/\/voleimt.com.br\/sistema\/wp-json\/wp\/v2\/users\/1"}],"replies":[{"embeddable":true,"href":"https:\/\/voleimt.com.br\/sistema\/wp-json\/wp\/v2\/comments?post=465"}],"wp:featuredmedia":[{"embeddable":true,"href":"https:\/\/voleimt.com.br\/sistema\/wp-json\/wp\/v2\/media\/334"}],"wp:attachment":[{"href":"https:\/\/voleimt.com.br\/sistema\/wp-json\/wp\/v2\/media?parent=465"}],"wp:term":[{"taxonomy":"product_brand","embeddable":true,"href":"https:\/\/voleimt.com.br\/sistema\/wp-json\/wp\/v2\/product_brand?post=465"},{"taxonomy":"product_cat","embeddable":true,"href":"https:\/\/voleimt.com.br\/sistema\/wp-json\/wp\/v2\/product_cat?post=465"},{"taxonomy":"product_tag","embeddable":true,"href":"https:\/\/voleimt.com.br\/sistema\/wp-json\/wp\/v2\/product_tag?post=465"}],"curies":[{"name":"wp","href":"https:\/\/api.w.org\/{rel}","templated":true}]}}